{"id":2618,"date":"2024-05-26T11:45:14","date_gmt":"2024-05-26T09:45:14","guid":{"rendered":"https:\/\/www.fenderie.fr\/la-fenderie-its-history\/"},"modified":"2026-02-06T22:30:36","modified_gmt":"2026-02-06T21:30:36","slug":"la-fenderie-its-history","status":"publish","type":"page","link":"https:\/\/www.fenderie.fr\/en\/la-fenderie-its-history\/","title":{"rendered":"La Fenderie, its history"},"content":{"rendered":"\t\t<div data-elementor-type=\"wp-page\" data-elementor-id=\"2618\" class=\"elementor elementor-2618 elementor-1492\">\n\t\t\t\t<div class=\"elementor-element elementor-element-222acb4 e-flex e-con-boxed e-con e-parent\" data-id=\"222acb4\" data-element_type=\"container\" data-e-type=\"container\">\n\t\t\t\t\t<div class=\"e-con-inner\">\n\t\t<div class=\"elementor-element elementor-element-990c83f e-con-full e-flex e-con e-child\" data-id=\"990c83f\" data-element_type=\"container\" data-e-type=\"container\">\n\t\t\t\t<div class=\"elementor-element elementor-element-f6ef7ee elementor-widget elementor-widget-text-editor\" data-id=\"f6ef7ee\" data-element_type=\"widget\" data-e-type=\"widget\" data-widget_type=\"text-editor.default\">\n\t\t\t\t<div class=\"elementor-widget-container\">\n\t\t\t\t\t\t\t\t\t<p><span style=\"color: #54595f;\">History of La Fenderie, straddling the communes of Montourtier and Deux-\u00c9vailles.<\/span><\/p><ul><li><span style=\"color: #54595f;\">1722 to J. Pavis, sieur du Tertre, inherited from the succession of Pierre Le Nicolais, who died at Bourgon castle<\/span><\/li><li><span style=\"color: #54595f;\">1848, Th\u00e9ophile Gouin, from Dufay in La Manche.<\/span><\/li><li><span style=\"color: #54595f;\">1856, sold to Pierre-Paul Le Nicolais de Brideli\u00e8res, Beauvoir castle, St Jean-Froidmantel (Loir et Cher)<\/span><\/li><\/ul><p><span style=\"color: #54595f;\"><em>Sources: Abb\u00e9 Angot&#8217;s Dictionary<\/em><\/span><\/p>\t\t\t\t\t\t\t\t<\/div>\n\t\t\t\t<\/div>\n\t\t\t\t<\/div>\n\t\t<div class=\"elementor-element elementor-element-b3dcb81 e-con-full e-flex e-con e-child\" data-id=\"b3dcb81\" data-element_type=\"container\" data-e-type=\"container\">\n\t\t\t\t<div class=\"elementor-element elementor-element-dd69f70 elementor-widget elementor-widget-text-editor\" data-id=\"dd69f70\" data-element_type=\"widget\" data-e-type=\"widget\" data-widget_type=\"text-editor.default\">\n\t\t\t\t<div class=\"elementor-widget-container\">\n\t\t\t\t\t\t\t\t\t<p><span style=\"color: #000000;\"><strong><img decoding=\"async\" class=\"wp-image-1940 alignleft\" src=\"https:\/\/www.fenderie.fr\/wp-content\/uploads\/2024\/11\/ampoule-300x300.png\" alt=\"\" width=\"72\" height=\"72\" srcset=\"https:\/\/www.fenderie.fr\/wp-content\/uploads\/2024\/11\/ampoule-300x300.png 300w, https:\/\/www.fenderie.fr\/wp-content\/uploads\/2024\/11\/ampoule-150x150.png 150w, https:\/\/www.fenderie.fr\/wp-content\/uploads\/2024\/11\/ampoule-75x75.png 75w, https:\/\/www.fenderie.fr\/wp-content\/uploads\/2024\/11\/ampoule-100x100.png 100w, https:\/\/www.fenderie.fr\/wp-content\/uploads\/2024\/11\/ampoule.png 512w\" sizes=\"(max-width: 72px) 100vw, 72px\" \/><\/strong> <br><strong>A slitting mill<\/strong> played a crucial role in the pre-industrial economy, particularly in the manufacture of tools, frameworks, or metal components.<\/span><\/p>\t\t\t\t\t\t\t\t<\/div>\n\t\t\t\t<\/div>\n\t\t\t\t<\/div>\n\t\t\t\t\t<\/div>\n\t\t\t\t<\/div>\n\t\t<div class=\"elementor-element elementor-element-2285ea3 e-flex e-con-boxed e-con e-parent\" data-id=\"2285ea3\" data-element_type=\"container\" data-e-type=\"container\">\n\t\t\t\t\t<div class=\"e-con-inner\">\n\t\t\t\t<div class=\"elementor-element elementor-element-e7a21b2 elementor-widget elementor-widget-text-editor\" data-id=\"e7a21b2\" data-element_type=\"widget\" data-e-type=\"widget\" data-widget_type=\"text-editor.default\">\n\t\t\t\t<div class=\"elementor-widget-container\">\n\t\t\t\t\t\t\t\t\t<p><span style=\"color: #54595f;\">The Champ-de-Vigne Slitting Mill, dependent on Hermet forge, is mentioned in 1617, in a lawsuit concerning floods caused by the construction of the causeway.<\/span><\/p>\t\t\t\t\t\t\t\t<\/div>\n\t\t\t\t<\/div>\n\t\t\t\t<div class=\"elementor-element elementor-element-5446870 elementor-widget elementor-widget-text-editor\" data-id=\"5446870\" data-element_type=\"widget\" data-e-type=\"widget\" data-widget_type=\"text-editor.default\">\n\t\t\t\t<div class=\"elementor-widget-container\">\n\t\t\t\t\t\t\t\t\t<p><span style=\"color: #54595f;\"><img decoding=\"async\" class=\"wp-image-1944 alignnone\" src=\"https:\/\/www.fenderie.fr\/wp-content\/uploads\/2024\/11\/marteau-300x300.png\" alt=\"\" width=\"80\" height=\"80\" srcset=\"https:\/\/www.fenderie.fr\/wp-content\/uploads\/2024\/11\/marteau-300x300.png 300w, https:\/\/www.fenderie.fr\/wp-content\/uploads\/2024\/11\/marteau-150x150.png 150w, https:\/\/www.fenderie.fr\/wp-content\/uploads\/2024\/11\/marteau-75x75.png 75w, https:\/\/www.fenderie.fr\/wp-content\/uploads\/2024\/11\/marteau-100x100.png 100w, https:\/\/www.fenderie.fr\/wp-content\/uploads\/2024\/11\/marteau.png 512w\" sizes=\"(max-width: 80px) 100vw, 80px\" \/><strong>Lawsuit of November 18, 1717:<\/strong><\/span><\/p><p><span style=\"color: #54595f;\">&#8220;A request is made to the Lord of Landepoutre that he should restore the water of the pond, of the Chanvigne Slitting Mill, to its old and accustomed course, given that the water of the said pond, recently created by Jacques Vass\u00e9, sieur de la chevalerie, drowns and submerges a portion of meadow.&#8221;<\/span><\/p>\t\t\t\t\t\t\t\t<\/div>\n\t\t\t\t<\/div>\n\t\t\t\t<div class=\"elementor-element elementor-element-bff33ce elementor-widget elementor-widget-text-editor\" data-id=\"bff33ce\" data-element_type=\"widget\" data-e-type=\"widget\" data-widget_type=\"text-editor.default\">\n\t\t\t\t<div class=\"elementor-widget-container\">\n\t\t\t\t\t\t\t\t\t<p><span style=\"color: #54595f;\"><img decoding=\"async\" class=\"wp-image-1945 alignnone\" src=\"https:\/\/www.fenderie.fr\/wp-content\/uploads\/2024\/11\/moulin-a-eau-300x300.png\" alt=\"\" width=\"80\" height=\"80\" srcset=\"https:\/\/www.fenderie.fr\/wp-content\/uploads\/2024\/11\/moulin-a-eau-300x300.png 300w, https:\/\/www.fenderie.fr\/wp-content\/uploads\/2024\/11\/moulin-a-eau-150x150.png 150w, https:\/\/www.fenderie.fr\/wp-content\/uploads\/2024\/11\/moulin-a-eau-75x75.png 75w, https:\/\/www.fenderie.fr\/wp-content\/uploads\/2024\/11\/moulin-a-eau-100x100.png 100w, https:\/\/www.fenderie.fr\/wp-content\/uploads\/2024\/11\/moulin-a-eau.png 512w\" sizes=\"(max-width: 80px) 100vw, 80px\" \/>In 1639, a blast furnace and its hall are reported near the old slitting mill, which was transformed into a mill.<\/span><\/p><p><span style=\"color: #54595f;\">Source: AD Mayenne, &#8220;inquiry for the Champ de Vigne slitting mill and furnace.&#8221; <\/span><\/p>\t\t\t\t\t\t\t\t<\/div>\n\t\t\t\t<\/div>\n\t\t\t\t<div class=\"elementor-element elementor-element-f58720d elementor-widget elementor-widget-text-editor\" data-id=\"f58720d\" data-element_type=\"widget\" data-e-type=\"widget\" data-widget_type=\"text-editor.default\">\n\t\t\t\t<div class=\"elementor-widget-container\">\n\t\t\t\t\t\t\t\t\t<p><span style=\"color: #54595f;\">Deed of August 19, 1723:<\/span><\/p><p><span style=\"color: #54595f;\">&#8220;I grant by way of ground rent, the pond, watercourse, and mill of Champdevigne where formerly were the slitting mill, the miller&#8217;s house, the oven and pigsty behind the small house, the site and ruins of the furnace being behind the causeway of the said pond, and the charcoal shed on the site where the ore and Castine are to be placed, being next to and in the vicinity of the said furnace site.&#8221;<\/span><\/p>\t\t\t\t\t\t\t\t<\/div>\n\t\t\t\t<\/div>\n\t\t\t\t<div class=\"elementor-element elementor-element-c57983c elementor-widget elementor-widget-text-editor\" data-id=\"c57983c\" data-element_type=\"widget\" data-e-type=\"widget\" data-widget_type=\"text-editor.default\">\n\t\t\t\t<div class=\"elementor-widget-container\">\n\t\t\t\t\t\t\t\t\t<p><span style=\"color: #54595f;\">The building was redesigned in 1840 to become a rolling mill: the rolling mill operators succeeded the founders, without fundamental changes in the tooling.<\/span><\/p><p><span style=\"color: #54595f;\">&#8220;The main pond is that of La Fendrie\u2026 This pond is unremarkable, cluttered as it is by the quantity of reeds and aquatic plants growing there. On its western side is a mill, property of Monsieur Gamard, as well as the pond.&#8221;<\/span><\/p><p><span style=\"color: #54595f;\"><i>Source: Monograph by Monsieur Bruneau, July 1876.<\/i><\/span><\/p>\t\t\t\t\t\t\t\t<\/div>\n\t\t\t\t<\/div>\n\t\t\t\t\t<\/div>\n\t\t\t\t<\/div>\n\t\t<div class=\"elementor-element elementor-element-b9e7925 e-flex e-con-boxed e-con e-parent\" data-id=\"b9e7925\" data-element_type=\"container\" data-e-type=\"container\">\n\t\t\t\t\t<div class=\"e-con-inner\">\n\t\t<div class=\"elementor-element elementor-element-63bc1f9 e-con-full e-flex e-con e-child\" data-id=\"63bc1f9\" data-element_type=\"container\" data-e-type=\"container\">\n\t\t\t\t<div class=\"elementor-element elementor-element-1b09cb7 elementor-widget elementor-widget-image\" data-id=\"1b09cb7\" data-element_type=\"widget\" data-e-type=\"widget\" data-widget_type=\"image.default\">\n\t\t\t\t<div class=\"elementor-widget-container\">\n\t\t\t\t\t\t\t\t\t\t\t\t\t\t\t<img loading=\"lazy\" decoding=\"async\" width=\"768\" height=\"1024\" src=\"https:\/\/www.fenderie.fr\/wp-content\/uploads\/2024\/05\/Creation-de-la-baie-vitree-en-facade--768x1024.jpeg\" class=\"attachment-large size-large wp-image-1144\" alt=\"\" srcset=\"https:\/\/www.fenderie.fr\/wp-content\/uploads\/2024\/05\/Creation-de-la-baie-vitree-en-facade--768x1024.jpeg 768w, https:\/\/www.fenderie.fr\/wp-content\/uploads\/2024\/05\/Creation-de-la-baie-vitree-en-facade--225x300.jpeg 225w, https:\/\/www.fenderie.fr\/wp-content\/uploads\/2024\/05\/Creation-de-la-baie-vitree-en-facade--1152x1536.jpeg 1152w, https:\/\/www.fenderie.fr\/wp-content\/uploads\/2024\/05\/Creation-de-la-baie-vitree-en-facade--1536x2048.jpeg 1536w, https:\/\/www.fenderie.fr\/wp-content\/uploads\/2024\/05\/Creation-de-la-baie-vitree-en-facade--1140x1520.jpeg 1140w, https:\/\/www.fenderie.fr\/wp-content\/uploads\/2024\/05\/Creation-de-la-baie-vitree-en-facade--600x800.jpeg 600w, https:\/\/www.fenderie.fr\/wp-content\/uploads\/2024\/05\/Creation-de-la-baie-vitree-en-facade--scaled.jpeg 1920w\" sizes=\"(max-width: 768px) 100vw, 768px\" \/>\t\t\t\t\t\t\t\t\t\t\t\t\t\t\t<\/div>\n\t\t\t\t<\/div>\n\t\t\t\t<\/div>\n\t\t<div class=\"elementor-element elementor-element-ba7892c e-con-full e-flex e-con e-child\" data-id=\"ba7892c\" data-element_type=\"container\" data-e-type=\"container\">\n\t\t\t\t<div class=\"elementor-element elementor-element-3e01d5a elementor-widget elementor-widget-text-editor\" data-id=\"3e01d5a\" data-element_type=\"widget\" data-e-type=\"widget\" data-widget_type=\"text-editor.default\">\n\t\t\t\t<div class=\"elementor-widget-container\">\n\t\t\t\t\t\t\t\t\t<ul><li><span style=\"color: #54595f;\">At the beginning of the 20th century, Madame Gamard owned La Fenderie.<\/span><\/li><li><span style=\"color: #54595f;\">In 1933, La Fenderie became the property of Monsieur Rossignol, <br>then of his son-in-law, Monsieur Jean-Louis. <br>The old part of the restaurant was inhabited by the farmers who then looked after the 6 ha of La Fenderie, with the stable being on the ground floor of the current restaurant. Near the pond was a pile of slag. <\/span><\/li><li><span style=\"color: #54595f;\">In 1973, the SIVOM of Monts\u00fbrs purchased La Fenderie.<\/span><\/li><\/ul><div><span style=\"color: #54595f;\"><i>The bay window was added in 1987.<\/i><\/span><\/div>\t\t\t\t\t\t\t\t<\/div>\n\t\t\t\t<\/div>\n\t\t\t\t<\/div>\n\t\t\t\t\t<\/div>\n\t\t\t\t<\/div>\n\t\t<div class=\"elementor-element elementor-element-40716a0 e-flex e-con-boxed e-con e-parent\" data-id=\"40716a0\" data-element_type=\"container\" data-e-type=\"container\" data-settings=\"{&quot;background_background&quot;:&quot;classic&quot;}\">\n\t\t\t\t\t<div class=\"e-con-inner\">\n\t\t\t\t<div class=\"elementor-element elementor-element-49777f9 elementor-widget elementor-widget-text-editor\" data-id=\"49777f9\" data-element_type=\"widget\" data-e-type=\"widget\" data-widget_type=\"text-editor.default\">\n\t\t\t\t<div class=\"elementor-widget-container\">\n\t\t\t\t\t\t\t\t\t<p style=\"text-align: center;\"><strong>Quentin LEVEQUE has been established at La Fenderie since December 2014<\/strong><\/p>\t\t\t\t\t\t\t\t<\/div>\n\t\t\t\t<\/div>\n\t\t\t\t\t<\/div>\n\t\t\t\t<\/div>\n\t\t<div class=\"elementor-element elementor-element-72b9ad1 e-flex e-con-boxed e-con e-parent\" data-id=\"72b9ad1\" data-element_type=\"container\" data-e-type=\"container\">\n\t\t\t\t\t<div class=\"e-con-inner\">\n\t\t\t\t<div class=\"elementor-element elementor-element-da20034 elementor-widget elementor-widget-image\" data-id=\"da20034\" data-element_type=\"widget\" data-e-type=\"widget\" data-widget_type=\"image.default\">\n\t\t\t\t<div class=\"elementor-widget-container\">\n\t\t\t\t\t\t\t\t\t\t\t\t\t\t\t<img loading=\"lazy\" decoding=\"async\" width=\"960\" height=\"639\" src=\"https:\/\/www.fenderie.fr\/wp-content\/uploads\/2024\/05\/9366178a-c170-4ce7-9dea-6e3913bbdc6d-1024x682.jpg\" class=\"attachment-large size-large wp-image-1120\" alt=\"\" srcset=\"https:\/\/www.fenderie.fr\/wp-content\/uploads\/2024\/05\/9366178a-c170-4ce7-9dea-6e3913bbdc6d-1024x682.jpg 1024w, https:\/\/www.fenderie.fr\/wp-content\/uploads\/2024\/05\/9366178a-c170-4ce7-9dea-6e3913bbdc6d-300x200.jpg 300w, https:\/\/www.fenderie.fr\/wp-content\/uploads\/2024\/05\/9366178a-c170-4ce7-9dea-6e3913bbdc6d-768x512.jpg 768w, https:\/\/www.fenderie.fr\/wp-content\/uploads\/2024\/05\/9366178a-c170-4ce7-9dea-6e3913bbdc6d-1536x1023.jpg 1536w, https:\/\/www.fenderie.fr\/wp-content\/uploads\/2024\/05\/9366178a-c170-4ce7-9dea-6e3913bbdc6d-1140x760.jpg 1140w, https:\/\/www.fenderie.fr\/wp-content\/uploads\/2024\/05\/9366178a-c170-4ce7-9dea-6e3913bbdc6d-600x400.jpg 600w, https:\/\/www.fenderie.fr\/wp-content\/uploads\/2024\/05\/9366178a-c170-4ce7-9dea-6e3913bbdc6d.jpg 1600w\" sizes=\"(max-width: 960px) 100vw, 960px\" \/>\t\t\t\t\t\t\t\t\t\t\t\t\t\t\t<\/div>\n\t\t\t\t<\/div>\n\t\t\t\t\t<\/div>\n\t\t\t\t<\/div>\n\t\t\t\t<\/div>\n\t\t","protected":false},"excerpt":{"rendered":"<p>History of La Fenderie, straddling the communes of Montourtier and Deux-\u00c9vailles. 1722 to J. Pavis, sieur du Tertre, inherited from the succession of Pierre Le Nicolais, who died at Bourgon castle 1848, Th\u00e9ophile Gouin, from Dufay in La Manche. 1856, sold to Pierre-Paul Le Nicolais de Brideli\u00e8res, Beauvoir castle, St Jean-Froidmantel (Loir et Cher) Sources: Abb\u00e9 Angot&#8217;s Dictionary A slitting mill played a crucial role in the pre-industrial economy, particularly in the manufacture of tools, frameworks, or metal components. The Champ-de-Vigne Slitting Mill, dependent on Hermet forge, is mentioned in 1617, in a lawsuit concerning floods caused by the construction of the causeway. Lawsuit of November 18, 1717: &#8220;A request is made to the Lord of Landepoutre that he should restore the water of the pond, of the Chanvigne Slitting Mill, to its old and accustomed course, given that the water of the said pond, recently created by Jacques Vass\u00e9, sieur de la chevalerie, drowns and submerges a portion of meadow.&#8221; In 1639, a blast furnace and its hall are reported near the old slitting mill, which was transformed into a mill. Source: AD Mayenne, &#8220;inquiry for the Champ de Vigne slitting mill and furnace.&#8221; Deed of August 19, 1723: &#8220;I grant by way of ground rent, the pond, watercourse, and mill of Champdevigne where formerly were the slitting mill, the miller&#8217;s house, the oven and pigsty behind the small house, the site and ruins of the furnace being behind the causeway of the said pond, and the charcoal shed on the site where the ore and Castine are to be placed, being next to and in the vicinity of the said furnace site.&#8221; The building was redesigned in 1840 to become a rolling mill: the rolling mill operators succeeded the founders, without fundamental changes in the tooling. &#8220;The main pond is that of La Fendrie\u2026 This pond is unremarkable, cluttered as it is by the quantity of reeds and aquatic plants growing there. On its western side is a mill, property of Monsieur Gamard, as well as the pond.&#8221; Source: Monograph by Monsieur Bruneau, July 1876. At the beginning of the 20th century, Madame Gamard owned La Fenderie. In 1933, La Fenderie became the property of Monsieur Rossignol, then of his son-in-law, Monsieur Jean-Louis. The old part of the restaurant was inhabited by the farmers who then looked after the 6 ha of La Fenderie, with the stable being on the ground floor of the current restaurant. Near the pond was a pile of slag. In 1973, the SIVOM of Monts\u00fbrs purchased La Fenderie. The bay window was added in 1987. Quentin LEVEQUE has been established at La Fenderie since December 2014<\/p>\n","protected":false},"author":1,"featured_media":0,"parent":0,"menu_order":0,"comment_status":"closed","ping_status":"closed","template":"","meta":{"footnotes":""},"class_list":["post-2618","page","type-page","status-publish","hentry"],"acf":[],"_links":{"self":[{"href":"https:\/\/www.fenderie.fr\/en\/wp-json\/wp\/v2\/pages\/2618","targetHints":{"allow":["GET"]}}],"collection":[{"href":"https:\/\/www.fenderie.fr\/en\/wp-json\/wp\/v2\/pages"}],"about":[{"href":"https:\/\/www.fenderie.fr\/en\/wp-json\/wp\/v2\/types\/page"}],"author":[{"embeddable":true,"href":"https:\/\/www.fenderie.fr\/en\/wp-json\/wp\/v2\/users\/1"}],"replies":[{"embeddable":true,"href":"https:\/\/www.fenderie.fr\/en\/wp-json\/wp\/v2\/comments?post=2618"}],"version-history":[{"count":7,"href":"https:\/\/www.fenderie.fr\/en\/wp-json\/wp\/v2\/pages\/2618\/revisions"}],"predecessor-version":[{"id":2721,"href":"https:\/\/www.fenderie.fr\/en\/wp-json\/wp\/v2\/pages\/2618\/revisions\/2721"}],"wp:attachment":[{"href":"https:\/\/www.fenderie.fr\/en\/wp-json\/wp\/v2\/media?parent=2618"}],"curies":[{"name":"wp","href":"https:\/\/api.w.org\/{rel}","templated":true}]}}